{"id":4431,"date":"2021-07-13T10:51:03","date_gmt":"2021-07-13T10:51:03","guid":{"rendered":"https:\/\/thehouseinthedesert.com\/?page_id=4431"},"modified":"2026-03-27T11:22:35","modified_gmt":"2026-03-27T11:22:35","slug":"reserver","status":"publish","type":"page","link":"https:\/\/thehouseinthedesert.com\/fr\/reserver\/","title":{"rendered":"Reserver"},"content":{"rendered":"<p>[et_pb_section fb_built=\u00a0\u00bb1&Prime; module_class=\u00a0\u00bbseccion seccion-reservar portada-web\u00a0\u00bb _builder_version=\u00a0\u00bb4.16&Prime; custom_padding=\u00a0\u00bb0px|0px|0px|0px|false|false\u00a0\u00bb global_colors_info=\u00a0\u00bb{}\u00a0\u00bb][et_pb_row use_custom_gutter=\u00a0\u00bbon\u00a0\u00bb _builder_version=\u00a0\u00bb4.16&Prime; width=\u00a0\u00bb100%\u00a0\u00bb max_width=\u00a0\u00bb100%\u00a0\u00bb custom_padding=\u00a0\u00bb0px|0px|0px|0px|false|false\u00a0\u00bb global_colors_info=\u00a0\u00bb{}\u00a0\u00bb][et_pb_column type=\u00a0\u00bb4_4&Prime; _builder_version=\u00a0\u00bb4.16&Prime; global_colors_info=\u00a0\u00bb{}\u00a0\u00bb][et_pb_slider show_arrows=\u00a0\u00bboff\u00a0\u00bb show_pagination=\u00a0\u00bboff\u00a0\u00bb admin_label=\u00a0\u00bbPortada web\u00a0\u00bb _builder_version=\u00a0\u00bb4.16&Prime; background_enable_color=\u00a0\u00bboff\u00a0\u00bb background_image=\u00a0\u00bbhttps:\/\/thehouseinthedesert.com\/wp-content\/uploads\/2020\/12\/20190403_GG_06_L1010634_LOW_0a64c.jpg\u00a0\u00bb custom_button=\u00a0\u00bbon\u00a0\u00bb button_text_color=\u00a0\u00bb#c8952a\u00a0\u00bb button_border_color=\u00a0\u00bb#c8952a\u00a0\u00bb global_colors_info=\u00a0\u00bb{}\u00a0\u00bb][et_pb_slide heading=\u00a0\u00bbVOUS SOUHAITEZ R\u00c9SERVER OU VOUS AVEZ UNE QUESTION ? N&apos;H\u00c9SITEZ PAS \u00c0 NOUS CONTACTER\u00a0\u00bb admin_title=\u00a0\u00bbSlider 01&Prime; _builder_version=\u00a0\u00bb4.16&Prime; header_level=\u00a0\u00bbh1&Prime; header_font=\u00a0\u00bbMontserrat|300|||||||\u00a0\u00bb header_text_color=\u00a0\u00bb#ffffff\u00a0\u00bb header_font_size=\u00a0\u00bb18px\u00a0\u00bb body_font=\u00a0\u00bb|||on|||||\u00a0\u00bb body_text_align=\u00a0\u00bbcenter\u00a0\u00bb body_text_color=\u00a0\u00bb#FFFFFF\u00a0\u00bb body_font_size=\u00a0\u00bb35px\u00a0\u00bb background_enable_color=\u00a0\u00bboff\u00a0\u00bb use_background_color_gradient=\u00a0\u00bbon\u00a0\u00bb background_color_gradient_stops=\u00a0\u00bbrgba(0,0,0,0.35) 0%|rgba(0,0,0,0.35) 100%\u00a0\u00bb background_color_gradient_overlays_image=\u00a0\u00bbon\u00a0\u00bb background_color_gradient_start=\u00a0\u00bbrgba(0,0,0,0.35)\u00a0\u00bb background_color_gradient_end=\u00a0\u00bbrgba(0,0,0,0.35)\u00a0\u00bb background_image=\u00a0\u00bbhttps:\/\/thehouseinthedesert.com\/wp-content\/uploads\/2021\/11\/bg-contacto.jpg\u00a0\u00bb background_enable_image=\u00a0\u00bbon\u00a0\u00bb custom_button=\u00a0\u00bbon\u00a0\u00bb button_text_color=\u00a0\u00bb#c8952a\u00a0\u00bb button_bg_color=\u00a0\u00bb#ffffff\u00a0\u00bb button_border_color=\u00a0\u00bb#c8952a\u00a0\u00bb button_icon_color=\u00a0\u00bb#c8952a\u00a0\u00bb text_orientation=\u00a0\u00bbcenter\u00a0\u00bb background_layout=\u00a0\u00bblight\u00a0\u00bb body_font_size_tablet=\u00a0\u00bb24px\u00a0\u00bb body_font_size_phone=\u00a0\u00bb20px\u00a0\u00bb body_font_size_last_edited=\u00a0\u00bbon|phone\u00a0\u00bb header_text_shadow_style=\u00a0\u00bbpreset2&Prime; global_colors_info=\u00a0\u00bb{}\u00a0\u00bb sticky_transition=\u00a0\u00bbon\u00a0\u00bb]<\/p>\n<p>RESERVE MAINTENANT<\/p>\n<p>[\/et_pb_slide][\/et_pb_slider][\/et_pb_column][\/et_pb_row][\/et_pb_section][et_pb_section fb_built=\u00a0\u00bb1&Prime; disabled_on=\u00a0\u00bboff|off|off\u00a0\u00bb admin_label=\u00a0\u00bbCalendario Reservas\u00a0\u00bb _builder_version=\u00a0\u00bb4.16&Prime; _module_preset=\u00a0\u00bbdefault\u00a0\u00bb background_color=\u00a0\u00bb#222831&Prime; custom_margin=\u00a0\u00bb||0px||false|false\u00a0\u00bb custom_padding=\u00a0\u00bb||130px||false|false\u00a0\u00bb global_colors_info=\u00a0\u00bb{}\u00a0\u00bb][et_pb_row _builder_version=\u00a0\u00bb4.21.0&Prime; _module_preset=\u00a0\u00bbdefault\u00a0\u00bb global_colors_info=\u00a0\u00bb{}\u00a0\u00bb][et_pb_column type=\u00a0\u00bb4_4&Prime; _builder_version=\u00a0\u00bb4.21.0&Prime; _module_preset=\u00a0\u00bbdefault\u00a0\u00bb global_colors_info=\u00a0\u00bb{}\u00a0\u00bb][et_pb_blurb title=\u00a0\u00bbOffrir le cadeau de l&#039;exp\u00e9rience\u00a0\u00bb image=\u00a0\u00bbhttps:\/\/thehouseinthedesert.com\/wp-content\/uploads\/2023\/05\/regalo.png\u00a0\u00bb icon_placement=\u00a0\u00bbleft\u00a0\u00bb image_icon_width=\u00a0\u00bb200px\u00a0\u00bb content_max_width=\u00a0\u00bb1100px\u00a0\u00bb image_icon_width_tablet=\u00a0\u00bb200px\u00a0\u00bb image_icon_width_phone=\u00a0\u00bb50px\u00a0\u00bb image_icon_width_last_edited=\u00a0\u00bbon|phone\u00a0\u00bb module_class=\u00a0\u00bbcta_regalar\u00a0\u00bb _builder_version=\u00a0\u00bb4.27.5&Prime; _module_preset=\u00a0\u00bbdefault\u00a0\u00bb header_level=\u00a0\u00bbh2&Prime; header_text_color=\u00a0\u00bb#FFFFFF\u00a0\u00bb body_text_color=\u00a0\u00bb#FFFFFF\u00a0\u00bb global_colors_info=\u00a0\u00bb{}\u00a0\u00bb]<\/p>\n<p>Offrir quelque chose qui sort de l&rsquo;ordinaire et impressionner quelqu&rsquo;un qui compte pour vous, \u00e7a sonne bien, non ? Eh bien, vous verrez quand ils vous le diront apr\u00e8s avoir re\u00e7u leur cadeau.<\/p>\n<p><\/p>\n<p><a href=\"https:\/\/thehouseinthedesert.com\/regala-una-experiencia\/\">Donner de l&rsquo;exp\u00e9rience<\/a><\/p>\n<p>[\/et_pb_blurb][\/et_pb_column][\/et_pb_row][et_pb_row _builder_version=\u00a0\u00bb4.16&Prime; _module_preset=\u00a0\u00bbdefault\u00a0\u00bb global_colors_info=\u00a0\u00bb{}\u00a0\u00bb][et_pb_column type=\u00a0\u00bb4_4&Prime; _builder_version=\u00a0\u00bb4.16&Prime; _module_preset=\u00a0\u00bbdefault\u00a0\u00bb global_colors_info=\u00a0\u00bb{}\u00a0\u00bb][et_pb_text module_id=\u00a0\u00bbcalendario\u00a0\u00bb _builder_version=\u00a0\u00bb4.27.6&Prime; _module_preset=\u00a0\u00bbdefault\u00a0\u00bb text_font=\u00a0\u00bb||||||||\u00a0\u00bb text_font_size=\u00a0\u00bb20px\u00a0\u00bb header_2_font=\u00a0\u00bb|300|||||||\u00a0\u00bb header_2_text_align=\u00a0\u00bbcenter\u00a0\u00bb header_2_text_color=\u00a0\u00bb#FFFFFF\u00a0\u00bb header_2_font_size=\u00a0\u00bb32px\u00a0\u00bb text_orientation=\u00a0\u00bbcenter\u00a0\u00bb background_layout=\u00a0\u00bbdark\u00a0\u00bb custom_margin=\u00a0\u00bb||-4px|||\u00a0\u00bb locked=\u00a0\u00bboff\u00a0\u00bb global_colors_info=\u00a0\u00bb{}\u00a0\u00bb]<\/p>\n<h2>V\u00e9rifier la disponibilit\u00e9 et s\u00e9lectionner les jours \u00e0 r\u00e9server<\/h2>\n<p>[\/et_pb_text][\/et_pb_column][\/et_pb_row][et_pb_row column_structure=\u00a0\u00bb1_3,1_3,1_3&Prime; custom_padding_last_edited=\u00a0\u00bbon|phone\u00a0\u00bb _builder_version=\u00a0\u00bb4.27.6&Prime; _module_preset=\u00a0\u00bbdefault\u00a0\u00bb background_color=\u00a0\u00bb#1b1f24&Prime; custom_padding=\u00a0\u00bb|40px||40px|false|false\u00a0\u00bb custom_padding_tablet=\u00a0\u00bb|30px||30px|false|false\u00a0\u00bb custom_padding_phone=\u00a0\u00bb|20px||20px|false|false\u00a0\u00bb global_colors_info=\u00a0\u00bb{}\u00a0\u00bb][et_pb_column type=\u00a0\u00bb1_3&Prime; _builder_version=\u00a0\u00bb4.16&Prime; _module_preset=\u00a0\u00bbdefault\u00a0\u00bb global_colors_info=\u00a0\u00bb{}\u00a0\u00bb][et_pb_code _builder_version=\u00a0\u00bb4.27.6&Prime; _module_preset=\u00a0\u00bbdefault\u00a0\u00bb text_orientation=\u00a0\u00bbcenter\u00a0\u00bb global_colors_info=\u00a0\u00bb{}\u00a0\u00bb]<iframe src=\"https:\/\/www.avaibook.com\/widgets_propietarios\/loader.php?id=101218&#038;lang=FR\" style=\"width: 300px; height: 355px; border: 0\" frameborder=0 allowtransparency=\"allowtransparency\">Tu navegador no soporta iframes<\/iframe><\/p>\n<div style=\"width: 300px; margin: auto\"><\/div>\n<p>[\/et_pb_code][et_pb_text _builder_version=\u00a0\u00bb4.27.6&Prime; _module_preset=\u00a0\u00bbdefault\u00a0\u00bb hover_enabled=\u00a0\u00bb0&Prime; sticky_enabled=\u00a0\u00bb0&Prime; module_class=\u00a0\u00bbtextocheck in\u00a0\u00bb background_layout=\u00a0\u00bbdark\u00a0\u00bb]Enregistrement \u00e0 14 h[\/et_pb_text][et_pb_text _builder_version=\u00a0\u00bb4.27.6&Prime; _module_preset=\u00a0\u00bbdefault\u00a0\u00bb hover_enabled=\u00a0\u00bb0&Prime; sticky_enabled=\u00a0\u00bb0&Prime; module_class=\u00a0\u00bbtextocheck out\u00a0\u00bb background_layout=\u00a0\u00bbdark\u00a0\u00bb]d\u00e9part \u00e0 11 h[\/et_pb_text][\/et_pb_column][et_pb_column type=\u00a0\u00bb1_3&Prime; _builder_version=\u00a0\u00bb4.16&Prime; _module_preset=\u00a0\u00bbdefault\u00a0\u00bb global_colors_info=\u00a0\u00bb{}\u00a0\u00bb][et_pb_code _builder_version=\u00a0\u00bb4.16&Prime; _module_preset=\u00a0\u00bbdefault\u00a0\u00bb text_orientation=\u00a0\u00bbcenter\u00a0\u00bb custom_padding=\u00a0\u00bb25px||||false|false\u00a0\u00bb custom_padding_tablet=\u00a0\u00bb10px||||false|false\u00a0\u00bb custom_padding_phone=\u00a0\u00bb0px||||false|false\u00a0\u00bb custom_padding_last_edited=\u00a0\u00bbon|phone\u00a0\u00bb global_colors_info=\u00a0\u00bb{}\u00a0\u00bb]<div class=\"avaibookSearch avaibookSearch1\">\n        <form  action=\"https:\/\/www.avaibook.com\/reservas\/nueva_reserva.php\" target=\"_blank\">\n                <label for=\"avaibookArriveDate69d7a90b20dbd\">\n            Date d\u2019arriv\u00e9e            <input type=\"text\"  class=\"avaibookDatePicker init\" placeholder=\"\" id=\"avaibookArriveDateCalendar69d7a90b20dbd\" \/>\n        <\/label>\n        <input type = \"hidden\" name=\"f_ini\" class=\"avaibookDateInputInit\" id=\"avaibookArriveDateInput69d7a90b20dbd\" value=\"\" \/>\n        <label for=\"avaibookDepartDate69d7a90b20dbd\">\n            Date de d\u00e9part            <input type=\"text\"  class=\"avaibookDatePicker end\" placeholder=\"\" id=\"avaibookDepartDateCalendar69d7a90b20dbd\" \/>\n        <\/label>\n        <input type = \"hidden\" name=\"f_fin\" class=\"avaibookDateInputEnd\" id=\"avaibookDepartDateInput69d7a90b20dbd\" value=\"\" \/>\n        \n        \n        <button>rechercher<\/button>\n        \n        \n                    <input type=\"hidden\" name=\"cod_alojamiento\" value=\"330504\" \/>\n        \n                    <input type=\"hidden\" name=\"referencia_propietario\" value=\"website\" \/>\n        \n        \n        \n        \n            <input type=\"hidden\" name=\"lang\" value=\"fr\" \/>\n        \n\n    <\/form>\n<\/div>\n\n[\/et_pb_code][\/et_pb_column][et_pb_column type=\u00a0\u00bb1_3&Prime; _builder_version=\u00a0\u00bb4.16&Prime; _module_preset=\u00a0\u00bbdefault\u00a0\u00bb global_colors_info=\u00a0\u00bb{}\u00a0\u00bb][et_pb_text _builder_version=\u00a0\u00bb4.27.0&Prime; _module_preset=\u00a0\u00bbdefault\u00a0\u00bb text_text_color=\u00a0\u00bb#FFFFFF\u00a0\u00bb text_font_size=\u00a0\u00bb14px\u00a0\u00bb text_orientation=\u00a0\u00bbcenter\u00a0\u00bb custom_padding=\u00a0\u00bb0px|||||\u00a0\u00bb global_colors_info=\u00a0\u00bb{}\u00a0\u00bb]<\/p>\n<p><b>TARIFS POUR 2 PERSONNES<\/b><\/p>\n<p><\/p>\n<ul>\n<li>H\u00e9bergement (Lun-Jeu) : 250 \u20ac\/jour + TVA.<\/li>\n<li>H\u00e9bergement (Ven-Dim) : 350 \u20ac\/jour + TVA.<\/li>\n<li>D\u00eener: 90\u20ac\/jour + TVA.<\/li>\n<li>Itin\u00e9raire 4&#215;4 guid\u00e9 : 100\u20ac\/route + TVA.<\/li>\n<\/ul>\n<p>[\/et_pb_text][et_pb_text _builder_version=\u00a0\u00bb4.16&Prime; _module_preset=\u00a0\u00bbdefault\u00a0\u00bb text_text_color=\u00a0\u00bb#FFFFFF\u00a0\u00bb text_font_size=\u00a0\u00bb14px\u00a0\u00bb text_orientation=\u00a0\u00bbcenter\u00a0\u00bb custom_padding=\u00a0\u00bb0px|||||\u00a0\u00bb global_colors_info=\u00a0\u00bb{}\u00a0\u00bb]<b>CONDITIONS CONTRACTUELLES<\/b><\/p>\n<ul>\n<li>R\u00e9servations uniquement pour 2 personnes.<\/li>\n<li>Comprend le petit-d\u00e9jeuner pour 2 personnes<\/li>\n<li>Enregistrement : 14h00 | D\u00e9part : 11h00.<\/li>\n<li>Les enfants et les animaux domestiques ne sont pas autoris\u00e9s.<\/li>\n<\/ul>\n<p>[\/et_pb_text][\/et_pb_column][\/et_pb_row][et_pb_row column_structure=\u00a0\u00bb1_3,1_3,1_3&Prime; _builder_version=\u00a0\u00bb4.16&Prime; _module_preset=\u00a0\u00bbdefault\u00a0\u00bb global_colors_info=\u00a0\u00bb{}\u00a0\u00bb][et_pb_column type=\u00a0\u00bb1_3&Prime; _builder_version=\u00a0\u00bb4.16&Prime; _module_preset=\u00a0\u00bbdefault\u00a0\u00bb global_colors_info=\u00a0\u00bb{}\u00a0\u00bb][et_pb_blurb image=\u00a0\u00bbhttps:\/\/thehouseinthedesert.com\/wp-content\/uploads\/2022\/02\/icon-SSL-3.png\u00a0\u00bb image_icon_width=\u00a0\u00bb34%\u00a0\u00bb _builder_version=\u00a0\u00bb4.16&Prime; _module_preset=\u00a0\u00bbdefault\u00a0\u00bb header_text_align=\u00a0\u00bbcenter\u00a0\u00bb body_font=\u00a0\u00bb|600|||||||\u00a0\u00bb body_text_color=\u00a0\u00bb#92a2a3&Prime; background_color=\u00a0\u00bbRGBA(255,255,255,0)\u00a0\u00bb text_orientation=\u00a0\u00bbcenter\u00a0\u00bb global_colors_info=\u00a0\u00bb{}\u00a0\u00bb]<\/p>\n<p>Site Web s\u00e9curis\u00e9<\/p>\n<p>[\/et_pb_blurb][\/et_pb_column][et_pb_column type=\u00a0\u00bb1_3&Prime; _builder_version=\u00a0\u00bb4.16&Prime; _module_preset=\u00a0\u00bbdefault\u00a0\u00bb global_colors_info=\u00a0\u00bb{}\u00a0\u00bb][et_pb_blurb image=\u00a0\u00bbhttps:\/\/thehouseinthedesert.com\/wp-content\/uploads\/2022\/02\/icon-antifraud-3.png\u00a0\u00bb image_icon_width=\u00a0\u00bb34%\u00a0\u00bb _builder_version=\u00a0\u00bb4.16&Prime; _module_preset=\u00a0\u00bbdefault\u00a0\u00bb header_text_align=\u00a0\u00bbcenter\u00a0\u00bb body_font=\u00a0\u00bb|600|||||||\u00a0\u00bb body_text_color=\u00a0\u00bb#92a2a3&Prime; background_color=\u00a0\u00bbRGBA(255,255,255,0)\u00a0\u00bb text_orientation=\u00a0\u00bbcenter\u00a0\u00bb global_colors_info=\u00a0\u00bb{}\u00a0\u00bb]<\/p>\n<p>Protection anti-fraude<\/p>\n<p>[\/et_pb_blurb][\/et_pb_column][et_pb_column type=\u00a0\u00bb1_3&Prime; _builder_version=\u00a0\u00bb4.16&Prime; _module_preset=\u00a0\u00bbdefault\u00a0\u00bb global_colors_info=\u00a0\u00bb{}\u00a0\u00bb][et_pb_blurb image=\u00a0\u00bbhttps:\/\/thehouseinthedesert.com\/wp-content\/uploads\/2022\/02\/icon-cancelacion-3.png\u00a0\u00bb image_icon_width=\u00a0\u00bb34%\u00a0\u00bb _builder_version=\u00a0\u00bb4.16&Prime; _module_preset=\u00a0\u00bbdefault\u00a0\u00bb header_text_align=\u00a0\u00bbcenter\u00a0\u00bb body_font=\u00a0\u00bb|600|||||||\u00a0\u00bb body_text_color=\u00a0\u00bb#92a2a3&Prime; background_color=\u00a0\u00bbRGBA(255,255,255,0)\u00a0\u00bb text_orientation=\u00a0\u00bbcenter\u00a0\u00bb global_colors_info=\u00a0\u00bb{}\u00a0\u00bb]<\/p>\n<p>Garantie de conformit\u00e9 aux politiques de retour<\/p>\n<p>[\/et_pb_blurb][\/et_pb_column][\/et_pb_row][\/et_pb_section][et_pb_section fb_built=\u00a0\u00bb1&Prime; admin_label=\u00a0\u00bbFondos FEDER\u00a0\u00bb _builder_version=\u00a0\u00bb4.16&Prime; _module_preset=\u00a0\u00bbdefault\u00a0\u00bb global_module=\u00a0\u00bb4596&Prime; saved_tabs=\u00a0\u00bball\u00a0\u00bb global_colors_info=\u00a0\u00bb{}\u00a0\u00bb][et_pb_row column_structure=\u00a0\u00bb1_4,3_4&Prime; disabled_on=\u00a0\u00bboff|off|off\u00a0\u00bb _builder_version=\u00a0\u00bb4.16&Prime; _module_preset=\u00a0\u00bbdefault\u00a0\u00bb global_colors_info=\u00a0\u00bb{}\u00a0\u00bb][et_pb_column type=\u00a0\u00bb1_4&Prime; _builder_version=\u00a0\u00bb4.16&Prime; _module_preset=\u00a0\u00bbdefault\u00a0\u00bb custom_css_main_element=\u00a0\u00bbmargin-right:0px;\u00a0\u00bb global_colors_info=\u00a0\u00bb{}\u00a0\u00bb][et_pb_image src=\u00a0\u00bbhttps:\/\/thehouseinthedesert.com\/wp-content\/uploads\/2021\/03\/logoue.png\u00a0\u00bb title_text=\u00a0\u00bblogoue\u00a0\u00bb align=\u00a0\u00bbcenter\u00a0\u00bb _builder_version=\u00a0\u00bb4.16&Prime; _module_preset=\u00a0\u00bbdefault\u00a0\u00bb global_colors_info=\u00a0\u00bb{}\u00a0\u00bb][\/et_pb_image][\/et_pb_column][et_pb_column type=\u00a0\u00bb3_4&Prime; _builder_version=\u00a0\u00bb4.16&Prime; _module_preset=\u00a0\u00bbdefault\u00a0\u00bb global_colors_info=\u00a0\u00bb{}\u00a0\u00bb][et_pb_text _builder_version=\u00a0\u00bb4.16&Prime; _module_preset=\u00a0\u00bbdefault\u00a0\u00bb text_font_size=\u00a0\u00bb12px\u00a0\u00bb global_colors_info=\u00a0\u00bb{}\u00a0\u00bb]<\/p>\n<p>\u201cServicios Gorafe SL ha sido beneficiaria del Fondo Europeo de Desarrollo Regional cuyo objetivo es mejorar la competividad de las Pymes y gracias al cual ha puesto en marcha un Plan de Marketing Digital Internacional con el objetivo de mejorar su posicionamiento online en mercados exteriores durante el a\u00f1o 2020. Para ello ha contado con el apoyo del Programa XPANDE DIGITAL de la C\u00e1mara de Comercio de Granada\u201d.<\/p>\n<p>[\/et_pb_text][et_pb_text module_class=\u00a0\u00bbfondo-eu\u00a0\u00bb _builder_version=\u00a0\u00bb4.16&Prime; _module_preset=\u00a0\u00bbdefault\u00a0\u00bb text_text_color=\u00a0\u00bb#474749&Prime; text_font_size=\u00a0\u00bb12px\u00a0\u00bb global_colors_info=\u00a0\u00bb{}\u00a0\u00bb]<\/p>\n<p>Fondo Europeo de Desarrollo Regional.<\/p>\n<p>[\/et_pb_text][et_pb_text module_class=\u00a0\u00bbhacer-eu\u00a0\u00bb _builder_version=\u00a0\u00bb4.16&Prime; _module_preset=\u00a0\u00bbdefault\u00a0\u00bb text_text_color=\u00a0\u00bb#004B9E\u00a0\u00bb text_font_size=\u00a0\u00bb12px\u00a0\u00bb global_colors_info=\u00a0\u00bb{}\u00a0\u00bb]<\/p>\n<p>Una Manera de Hacer Europa.<\/p>\n<p>[\/et_pb_text][\/et_pb_column][\/et_pb_row][\/et_pb_section]<\/p>\n","protected":false},"excerpt":{"rendered":"<p>RESERVE MAINTENANTOffrir quelque chose qui sort de l&rsquo;ordinaire et impressionner quelqu&rsquo;un qui compte pour vous, \u00e7a sonne bien, non ? Eh bien, vous verrez quand ils vous le diront apr\u00e8s avoir re\u00e7u leur cadeau.Donner de l&rsquo;exp\u00e9rienceV\u00e9rifier la disponibilit\u00e9 et s\u00e9lectionner les jours \u00e0 r\u00e9serverEnregistrement \u00e0 14 hd\u00e9part \u00e0 11 h<div class=\"avaibookSearch avaibookSearch1\">\n        <form  action=\"https:\/\/www.avaibook.com\/reservas\/nueva_reserva.php\" target=\"_blank\">\n                <label for=\"avaibookArriveDate69d7a90b546ad\">\n            Date d\u2019arriv\u00e9e            <input type=\"text\"  class=\"avaibookDatePicker init\" placeholder=\"\" id=\"avaibookArriveDateCalendar69d7a90b546ad\" \/>\n        <\/label>\n        <input type = \"hidden\" name=\"f_ini\" class=\"avaibookDateInputInit\" id=\"avaibookArriveDateInput69d7a90b546ad\" value=\"\" \/>\n        <label for=\"avaibookDepartDate69d7a90b546ad\">\n            Date de d\u00e9part            <input type=\"text\"  class=\"avaibookDatePicker end\" placeholder=\"\" id=\"avaibookDepartDateCalendar69d7a90b546ad\" \/>\n        <\/label>\n        <input type = \"hidden\" name=\"f_fin\" class=\"avaibookDateInputEnd\" id=\"avaibookDepartDateInput69d7a90b546ad\" value=\"\" \/>\n        \n        \n        <button>rechercher<\/button>\n        \n        \n                    <input type=\"hidden\" name=\"cod_alojamiento\" value=\"330504\" \/>\n        \n                    <input type=\"hidden\" name=\"referencia_propietario\" value=\"website\" \/>\n        \n        \n        \n        \n            <input type=\"hidden\" name=\"lang\" value=\"fr\" \/>\n        \n\n    <\/form>\n<\/div>\n\nTARIFS POUR 2 PERSONNES H\u00e9bergement (Lun-Jeu) [&hellip;]<\/p>\n","protected":false},"author":1,"featured_media":0,"parent":0,"menu_order":0,"comment_status":"closed","ping_status":"closed","template":"","meta":{"_et_pb_use_builder":"on","_et_pb_old_content":"","_et_gb_content_width":"","footnotes":""},"class_list":["post-4431","page","type-page","status-publish","hentry"],"_links":{"self":[{"href":"https:\/\/thehouseinthedesert.com\/fr\/wp-json\/wp\/v2\/pages\/4431","targetHints":{"allow":["GET"]}}],"collection":[{"href":"https:\/\/thehouseinthedesert.com\/fr\/wp-json\/wp\/v2\/pages"}],"about":[{"href":"https:\/\/thehouseinthedesert.com\/fr\/wp-json\/wp\/v2\/types\/page"}],"author":[{"embeddable":true,"href":"https:\/\/thehouseinthedesert.com\/fr\/wp-json\/wp\/v2\/users\/1"}],"replies":[{"embeddable":true,"href":"https:\/\/thehouseinthedesert.com\/fr\/wp-json\/wp\/v2\/comments?post=4431"}],"version-history":[{"count":75,"href":"https:\/\/thehouseinthedesert.com\/fr\/wp-json\/wp\/v2\/pages\/4431\/revisions"}],"predecessor-version":[{"id":11390,"href":"https:\/\/thehouseinthedesert.com\/fr\/wp-json\/wp\/v2\/pages\/4431\/revisions\/11390"}],"wp:attachment":[{"href":"https:\/\/thehouseinthedesert.com\/fr\/wp-json\/wp\/v2\/media?parent=4431"}],"curies":[{"name":"wp","href":"https:\/\/api.w.org\/{rel}","templated":true}]}}