{"id":4401,"date":"2021-07-13T10:11:39","date_gmt":"2021-07-13T10:11:39","guid":{"rendered":"https:\/\/thehouseinthedesert.com\/?page_id=4401"},"modified":"2021-07-19T11:29:36","modified_gmt":"2021-07-19T11:29:36","slug":"histoire","status":"publish","type":"page","link":"https:\/\/thehouseinthedesert.com\/fr\/histoire\/","title":{"rendered":"Histoire"},"content":{"rendered":"<p>[et_pb_section fb_built=\u00a0\u00bb1&Prime; module_class=\u00a0\u00bbseccion seccion-casa portada-web\u00a0\u00bb _builder_version=\u00a0\u00bb4.9.1&Prime; custom_padding=\u00a0\u00bb0px|0px|0px|0px|false|false\u00a0\u00bb][et_pb_row use_custom_gutter=\u00a0\u00bbon\u00a0\u00bb _builder_version=\u00a0\u00bb4.4.0&Prime; width=\u00a0\u00bb100%\u00a0\u00bb max_width=\u00a0\u00bb100%\u00a0\u00bb custom_padding=\u00a0\u00bb0px|0px|0px|0px|false|false\u00a0\u00bb][et_pb_column type=\u00a0\u00bb4_4&Prime; _builder_version=\u00a0\u00bb4.4.0&Prime;][et_pb_slider show_arrows=\u00a0\u00bboff\u00a0\u00bb show_pagination=\u00a0\u00bboff\u00a0\u00bb admin_label=\u00a0\u00bbPortada web\u00a0\u00bb _builder_version=\u00a0\u00bb4.9.7&Prime; background_enable_color=\u00a0\u00bboff\u00a0\u00bb background_image=\u00a0\u00bbhttps:\/\/thehouseinthedesert.com\/wp-content\/uploads\/2020\/12\/20190403_GG_06_L1010634_LOW_0a64c.jpg\u00a0\u00bb custom_button=\u00a0\u00bbon\u00a0\u00bb button_text_color=\u00a0\u00bb#c8952a\u00a0\u00bb button_border_color=\u00a0\u00bb#c8952a\u00a0\u00bb][et_pb_slide heading=\u00a0\u00bbUNE ID\u00c9E QUI A CONDUIT \u00c0 UN D\u00c9FI AMBITIEUX\u00a0\u00bb admin_title=\u00a0\u00bbSlider 01&Prime; _builder_version=\u00a0\u00bb4.9.7&Prime; header_level=\u00a0\u00bbh1&Prime; header_font=\u00a0\u00bbMontserrat|300|||||||\u00a0\u00bb header_text_color=\u00a0\u00bb#ffffff\u00a0\u00bb header_font_size=\u00a0\u00bb18px\u00a0\u00bb body_font=\u00a0\u00bb|||on|||||\u00a0\u00bb body_text_align=\u00a0\u00bbcenter\u00a0\u00bb body_text_color=\u00a0\u00bb#FFFFFF\u00a0\u00bb body_font_size=\u00a0\u00bb35px\u00a0\u00bb background_enable_color=\u00a0\u00bboff\u00a0\u00bb background_image=\u00a0\u00bbhttps:\/\/thehouseinthedesert.com\/wp-content\/uploads\/2021\/03\/portada.jpg\u00a0\u00bb background_enable_image=\u00a0\u00bbon\u00a0\u00bb custom_button=\u00a0\u00bbon\u00a0\u00bb button_text_color=\u00a0\u00bb#c8952a\u00a0\u00bb button_bg_color=\u00a0\u00bb#ffffff\u00a0\u00bb button_border_color=\u00a0\u00bb#c8952a\u00a0\u00bb button_icon_color=\u00a0\u00bb#c8952a\u00a0\u00bb text_orientation=\u00a0\u00bbcenter\u00a0\u00bb background_layout=\u00a0\u00bblight\u00a0\u00bb body_font_size_tablet=\u00a0\u00bb24px\u00a0\u00bb body_font_size_phone=\u00a0\u00bb20px\u00a0\u00bb body_font_size_last_edited=\u00a0\u00bbon|phone\u00a0\u00bb header_text_shadow_style=\u00a0\u00bbpreset2&Prime; sticky_transition=\u00a0\u00bbon\u00a0\u00bb]<\/p>\n<p>Construisez une maison qui r\u00e9siste au climat rigoureux du d\u00e9sert de Gorafe<\/p>\n<p>[\/et_pb_slide][\/et_pb_slider][\/et_pb_column][\/et_pb_row][\/et_pb_section][et_pb_section fb_built=\u00a0\u00bb1&Prime; admin_label=\u00a0\u00bbLa distribuci\u00f3n\u00a0\u00bb module_class=\u00a0\u00bbseccion seccion-casa lacasa\u00a0\u00bb _builder_version=\u00a0\u00bb4.9.1&Prime; _module_preset=\u00a0\u00bbdefault\u00a0\u00bb background_enable_image=\u00a0\u00bboff\u00a0\u00bb][et_pb_row column_structure=\u00a0\u00bb1_2,1_2&Prime; _builder_version=\u00a0\u00bb4.9.0&Prime; _module_preset=\u00a0\u00bbdefault\u00a0\u00bb][et_pb_column type=\u00a0\u00bb1_2&Prime; _builder_version=\u00a0\u00bb4.9.0&Prime; _module_preset=\u00a0\u00bbdefault\u00a0\u00bb][et_pb_text admin_label=\u00a0\u00bbLa casa\u00a0\u00bb _builder_version=\u00a0\u00bb4.9.4&Prime; _module_preset=\u00a0\u00bbdefault\u00a0\u00bb text_font=\u00a0\u00bb|300|||||||\u00a0\u00bb text_text_color=\u00a0\u00bb#474749&Prime; header_text_color=\u00a0\u00bb#1b1f24&Prime; header_2_font=\u00a0\u00bbMontserrat|300|||||||\u00a0\u00bb header_2_text_color=\u00a0\u00bb#1b1f24&Prime; header_2_font_size=\u00a0\u00bb60px\u00a0\u00bb]<\/p>\n<h2>L&rsquo;<br \/><strong>HISTOIRE<\/strong><\/h2>\n<p>L&rsquo;id\u00e9e vient de Gardian Glass, une c\u00e9l\u00e8bre entreprise qui fabrique du verre de haute qualit\u00e9, et qui a d\u00e9velopp\u00e9 ce projet pour d\u00e9montrer qu&rsquo;avec le bon verre, on peut obtenir le confort souhait\u00e9, quel que soit l&rsquo;endroit o\u00f9 l&rsquo;on se trouve. C&rsquo;est pourquoi ils ont d\u00e9cid\u00e9 d&rsquo;implanter la maison dans le d\u00e9sert de Gorafe, o\u00f9 les temp\u00e9ratures estivales peuvent d\u00e9passer 48\u00baC et descendre la nuit \u00e0 des niveaux n\u00e9gatifs.<\/p>\n<p>[\/et_pb_text][\/et_pb_column][et_pb_column type=\u00a0\u00bb1_2&Prime; _builder_version=\u00a0\u00bb4.9.0&Prime; _module_preset=\u00a0\u00bbdefault\u00a0\u00bb][et_pb_image src=\u00a0\u00bbhttps:\/\/thehouseinthedesert.com\/wp-content\/uploads\/2020\/12\/INTERIORS_07.jpg\u00a0\u00bb title_text=\u00a0\u00bbINTERIORS_07&Prime; _builder_version=\u00a0\u00bb4.9.0&Prime; _module_preset=\u00a0\u00bbdefault\u00a0\u00bb][\/et_pb_image][\/et_pb_column][\/et_pb_row][\/et_pb_section][et_pb_section fb_built=\u00a0\u00bb1&Prime; admin_label=\u00a0\u00bbEL MEDIO AMBIENTE\u00a0\u00bb module_id=\u00a0\u00bbalojamiento\u00a0\u00bb module_class=\u00a0\u00bbseccion seccion-casa medioambiente\u00a0\u00bb _builder_version=\u00a0\u00bb4.9.3&Prime; background_image=\u00a0\u00bbhttps:\/\/thehouseinthedesert.com\/wp-content\/uploads\/2021\/03\/bgpie.jpg\u00a0\u00bb custom_padding=\u00a0\u00bb20px||16px|||\u00a0\u00bb][et_pb_row column_structure=\u00a0\u00bb1_2,1_2&Prime; _builder_version=\u00a0\u00bb4.4.8&Prime; custom_padding=\u00a0\u00bb18px|||||\u00a0\u00bb][et_pb_column type=\u00a0\u00bb1_2&Prime; _builder_version=\u00a0\u00bb4.4.8&Prime;][\/et_pb_column][et_pb_column type=\u00a0\u00bb1_2&Prime; _builder_version=\u00a0\u00bb4.4.8&Prime;][et_pb_text _builder_version=\u00a0\u00bb4.9.3&Prime; text_text_color=\u00a0\u00bb#FFFFFF\u00a0\u00bb header_2_font=\u00a0\u00bbMontserrat|300|||||||\u00a0\u00bb header_2_text_color=\u00a0\u00bb#FFFFFF\u00a0\u00bb header_2_font_size=\u00a0\u00bb60px\u00a0\u00bb]<\/p>\n<p>UN PROJET<\/p>\n<h2>D&rsquo;ING\u00c9NIERIE AVANC\u00c9<\/h2>\n<p>Il convient de mentionner les acteurs qui ont fait de ce projet une r\u00e9alit\u00e9:<\/p>\n<p><strong>Ofis Arquitectos<\/strong><\/p>\n<p>Studio d&rsquo;architecture fond\u00e9 en 1996 par Rok Oman et Spela Videcnik. Depuis sa cr\u00e9ation, le studio a re\u00e7u plusieurs prix prestigieux et a \u00e9t\u00e9 largement reconnu et expos\u00e9 au niveau international \u00e0 la Biennale d&rsquo;architecture de Venise et de P\u00e9kin.<\/p>\n<p>En 2009, le studio a re\u00e7u la m\u00e9daille d&rsquo;argent du CIO\/IAKS pour le stade de football Borisov et en 2006, il a \u00e9t\u00e9 r\u00e9compens\u00e9 par le Grand Prix europ\u00e9en de l&rsquo;innovation.<\/p>\n<p><strong>Akt II<br \/><\/strong>Soci\u00e9t\u00e9 de g\u00e9nie civil et de conception de structures. Depuis leur si\u00e8ge social au centre de Londres, ils r\u00e9alisent des projets dans 44 pays du monde entier et ont remport\u00e9 plus de 300 prix de design.<\/p>\n<p><strong>Transsolar<br \/><\/strong><\/p>\n<p>Soci\u00e9t\u00e9 internationale d&rsquo;ing\u00e9nierie climatique d\u00e9termin\u00e9e \u00e0 cr\u00e9er des espaces int\u00e9rieurs et ext\u00e9rieurs exceptionnels et tr\u00e8s confortables ayant un impact positif sur l&rsquo;environnement.<\/p>\n<p>Ils pensent que les m\u00eames mesures et \u00e9chelles qui donnent lieu \u00e0 une grande architecture peuvent, dans le m\u00eame temps, am\u00e9liorer l&rsquo;exp\u00e9rience de vie des gens et minimiser l&rsquo;utilisation des ressources.<\/p>\n<p>&nbsp;<\/p>\n<p>[\/et_pb_text][\/et_pb_column][\/et_pb_row][\/et_pb_section][et_pb_section fb_built=\u00a0\u00bb1&Prime; admin_label=\u00a0\u00bbFondos FEDER\u00a0\u00bb _builder_version=\u00a0\u00bb4.9.9&Prime; _module_preset=\u00a0\u00bbdefault\u00a0\u00bb global_module=\u00a0\u00bb4608&Prime;][et_pb_row column_structure=\u00a0\u00bb1_4,3_4&Prime; disabled_on=\u00a0\u00bbon|on|off\u00a0\u00bb _builder_version=\u00a0\u00bb4.9.0&Prime; _module_preset=\u00a0\u00bbdefault\u00a0\u00bb][et_pb_column type=\u00a0\u00bb1_4&Prime; _builder_version=\u00a0\u00bb4.8.1&Prime; _module_preset=\u00a0\u00bbdefault\u00a0\u00bb custom_css_main_element=\u00a0\u00bbmargin-right:0px;\u00a0\u00bb][et_pb_image src=\u00a0\u00bbhttps:\/\/thehouseinthedesert.com\/wp-content\/uploads\/2021\/03\/logoue.png\u00a0\u00bb title_text=\u00a0\u00bblogoue\u00a0\u00bb align=\u00a0\u00bbcenter\u00a0\u00bb _builder_version=\u00a0\u00bb4.8.1&Prime; _module_preset=\u00a0\u00bbdefault\u00a0\u00bb][\/et_pb_image][\/et_pb_column][et_pb_column type=\u00a0\u00bb3_4&Prime; _builder_version=\u00a0\u00bb4.8.1&Prime; _module_preset=\u00a0\u00bbdefault\u00a0\u00bb][et_pb_text _builder_version=\u00a0\u00bb4.9.1&Prime; _module_preset=\u00a0\u00bbdefault\u00a0\u00bb text_font_size=\u00a0\u00bb12px\u00a0\u00bb]<\/p>\n<p>\u201cServicios Gorafe SL a b\u00e9n\u00e9fici\u00e9 du Fonds europ\u00e9en de d\u00e9veloppement r\u00e9gional dont l&rsquo;objectif est d&rsquo;am\u00e9liorer la comp\u00e9titivit\u00e9 des PME et gr\u00e2ce auquel il a lanc\u00e9 un plan international de marketing num\u00e9rique dans le but d&rsquo;am\u00e9liorer son positionnement en ligne sur les march\u00e9s \u00e9trangers en 2020 Pour cela, il a eu le soutien du Programme XPANDE DIGITAL de la Chambre de Commerce de Grenade\u201d.<\/p>\n<p>[\/et_pb_text][et_pb_text module_class=\u00a0\u00bbfondo-eu\u00a0\u00bb _builder_version=\u00a0\u00bb4.9.1&Prime; _module_preset=\u00a0\u00bbdefault\u00a0\u00bb text_text_color=\u00a0\u00bb#474749&Prime; text_font_size=\u00a0\u00bb12px\u00a0\u00bb]<\/p>\n<p>Fonds europ\u00e9en de d\u00e9veloppement r\u00e9gional.<\/p>\n<p>[\/et_pb_text][et_pb_text module_class=\u00a0\u00bbhacer-eu\u00a0\u00bb _builder_version=\u00a0\u00bb4.9.1&Prime; _module_preset=\u00a0\u00bbdefault\u00a0\u00bb text_text_color=\u00a0\u00bb#004B9E\u00a0\u00bb text_font_size=\u00a0\u00bb12px\u00a0\u00bb]<\/p>\n<p>Une fa\u00e7on de faire l&rsquo;Europe.<\/p>\n<p>[\/et_pb_text][\/et_pb_column][\/et_pb_row][\/et_pb_section]<\/p>\n","protected":false},"excerpt":{"rendered":"<p>Construisez une maison qui r\u00e9siste au climat rigoureux du d\u00e9sert de GorafeL&rsquo;HISTOIRE L&rsquo;id\u00e9e vient de Gardian Glass, une c\u00e9l\u00e8bre entreprise qui fabrique du verre de haute qualit\u00e9, et qui a d\u00e9velopp\u00e9 ce projet pour d\u00e9montrer qu&rsquo;avec le bon verre, on peut obtenir le confort souhait\u00e9, quel que soit l&rsquo;endroit o\u00f9 l&rsquo;on se trouve. C&rsquo;est pourquoi [&hellip;]<\/p>\n","protected":false},"author":1,"featured_media":0,"parent":0,"menu_order":0,"comment_status":"closed","ping_status":"closed","template":"","meta":{"_et_pb_use_builder":"on","_et_pb_old_content":"<p>[et_pb_section fb_built=\"1\" module_class=\"seccion seccion-casa portada-web\" _builder_version=\"4.9.1\" custom_padding=\"0px|0px|0px|0px|false|false\"][et_pb_row use_custom_gutter=\"on\" _builder_version=\"4.4.0\" width=\"100%\" max_width=\"100%\" custom_padding=\"0px|0px|0px|0px|false|false\"][et_pb_column type=\"4_4\" _builder_version=\"4.4.0\"][et_pb_slider show_arrows=\"off\" show_pagination=\"off\" admin_label=\"Portada web\" _builder_version=\"4.9.1\" background_enable_color=\"off\" background_image=\"https:\/\/thehouseinthedesert.com\/wp-content\/uploads\/2020\/12\/20190403_GG_06_L1010634_LOW_0a64c.jpg\" custom_button=\"on\" button_text_color=\"#c8952a\" button_border_color=\"#c8952a\"][et_pb_slide heading=\"LA CASA DE CRISTAL EN EL DESIERTO DE GORAFE, GRANADA\" admin_title=\"Slider 01\" _builder_version=\"4.9.1\" header_level=\"h1\" header_font=\"Montserrat|300|||||||\" header_text_color=\"#ffffff\" header_font_size=\"18px\" body_font=\"|||on|||||\" body_text_align=\"center\" body_text_color=\"#FFFFFF\" body_font_size=\"35px\" background_enable_color=\"off\" background_image=\"https:\/\/thehouseinthedesert.com\/wp-content\/uploads\/2021\/03\/portada.jpg\" background_enable_image=\"on\" custom_button=\"on\" button_text_color=\"#c8952a\" button_bg_color=\"#ffffff\" button_border_color=\"#c8952a\" button_icon_color=\"#c8952a\" text_orientation=\"center\" background_layout=\"light\" body_font_size_tablet=\"24px\" body_font_size_phone=\"20px\" body_font_size_last_edited=\"on|phone\" header_text_shadow_style=\"preset2\" sticky_transition=\"on\"]<\/p><p>Una experiencia \u00fanica en pleno desierto<\/p><p>[\/et_pb_slide][\/et_pb_slider][\/et_pb_column][\/et_pb_row][\/et_pb_section][et_pb_section fb_built=\"1\" admin_label=\"La distribuci\u00f3n\" module_class=\"seccion seccion-casa lacasa\" _builder_version=\"4.9.1\" _module_preset=\"default\" background_enable_image=\"off\"][et_pb_row column_structure=\"1_2,1_2\" _builder_version=\"4.9.0\" _module_preset=\"default\"][et_pb_column type=\"1_2\" _builder_version=\"4.9.0\" _module_preset=\"default\"][et_pb_text admin_label=\"La casa\" _builder_version=\"4.9.4\" _module_preset=\"default\" text_font=\"|300|||||||\" text_text_color=\"#474749\" header_text_color=\"#1b1f24\" header_2_font=\"Montserrat|300|||||||\" header_2_text_color=\"#1b1f24\" header_2_font_size=\"60px\" hover_enabled=\"0\" sticky_enabled=\"0\"]<\/p><h2>LA<br \/><strong>HISTORIA<\/strong><\/h2><p>La idea parte de Gardian Glass, una famosa empresa de fabricaci\u00f3n de cristales de alta calidad, que elabora este proyecto para demostrar que con el cristal adecuado se puede conseguir el confort deseado independientemente del lugar donde nos encontremos. Es por ello que deciden ubicar la casa en pleno desierto de Gorafe con temperaturas en verano que puede superar los 48\u00ba y bajar por la noche a niveles negativos.<\/p><p>\u00a0<\/p><p>[\/et_pb_text][\/et_pb_column][et_pb_column type=\"1_2\" _builder_version=\"4.9.0\" _module_preset=\"default\"][et_pb_image src=\"https:\/\/thehouseinthedesert.com\/wp-content\/uploads\/2020\/12\/INTERIORS_07.jpg\" title_text=\"INTERIORS_07\" _builder_version=\"4.9.0\" _module_preset=\"default\"][\/et_pb_image][\/et_pb_column][\/et_pb_row][\/et_pb_section][et_pb_section fb_built=\"1\" admin_label=\"EL MEDIO AMBIENTE\" module_id=\"alojamiento\" module_class=\"seccion seccion-casa medioambiente\" _builder_version=\"4.9.3\" background_image=\"https:\/\/thehouseinthedesert.com\/wp-content\/uploads\/2021\/03\/bgpie.jpg\" custom_padding=\"20px||16px|||\"][et_pb_row column_structure=\"1_2,1_2\" _builder_version=\"4.4.8\" custom_padding=\"18px|||||\"][et_pb_column type=\"1_2\" _builder_version=\"4.4.8\"][\/et_pb_column][et_pb_column type=\"1_2\" _builder_version=\"4.4.8\"][et_pb_text _builder_version=\"4.9.3\" text_text_color=\"#FFFFFF\" header_2_font=\"Montserrat|300|||||||\" header_2_text_color=\"#FFFFFF\" header_2_font_size=\"60px\"]<\/p><p>UN PROYECTO DE<\/p><h2>INGIENERIA<br \/><strong>AVANZADA<\/strong><\/h2><p>Cabe mencionar a los actores que hicieron realidad el proyecto que fueron:<\/p><p><strong>Ofis Arquitectos<\/strong><br \/>Estudio de arquitectura fundado en 1996 por Rok Oman y Spela Videcnik. Desde su creaci\u00f3n, el estudio ha recibido varios premios de prestigio y ha sido ampliamente reconocido y expuesto a nivel internacional en la Bienal de Arquitectura de Venecia y Pek\u00edn.<br \/>En 2009 el estudio recibi\u00f3 la medalla de plata IOC \/ IAKS por el estadio de f\u00fatbol de Borisov y en 2006 fue reconocido con el Gran Premio Europeo de Innovaci\u00f3n.<\/p><p><strong>Akt II<br \/><\/strong>Empresa de ingenier\u00eda civil y de dise\u00f1o estructural. Operando desde su sede en el centro de Londres ejecutan proyectos en 44 pa\u00edses de todo el mundo y han ganado m\u00e1s de 300 premios de dise\u00f1o.<\/p><p><strong>Transsolar<br \/><\/strong>Firma internacional de ingenier\u00eda clim\u00e1tica decidida a crear espacios interiores y exteriores excepcionales y altamente confortables con un impacto ambiental positivo.<br \/>Consideran que las mismas medidas y escalas que dan lugar a una gran arquitectura pueden, a la vez, mejorar la experiencia de vida de las personas y minimizar el uso de los recursos.<\/p><p><strong>\u00a0<\/strong><\/p><p>\u00a0<\/p><p>[\/et_pb_text][\/et_pb_column][\/et_pb_row][\/et_pb_section]<\/p>","_et_gb_content_width":"","footnotes":""},"class_list":["post-4401","page","type-page","status-publish","hentry"],"_links":{"self":[{"href":"https:\/\/thehouseinthedesert.com\/fr\/wp-json\/wp\/v2\/pages\/4401","targetHints":{"allow":["GET"]}}],"collection":[{"href":"https:\/\/thehouseinthedesert.com\/fr\/wp-json\/wp\/v2\/pages"}],"about":[{"href":"https:\/\/thehouseinthedesert.com\/fr\/wp-json\/wp\/v2\/types\/page"}],"author":[{"embeddable":true,"href":"https:\/\/thehouseinthedesert.com\/fr\/wp-json\/wp\/v2\/users\/1"}],"replies":[{"embeddable":true,"href":"https:\/\/thehouseinthedesert.com\/fr\/wp-json\/wp\/v2\/comments?post=4401"}],"version-history":[{"count":7,"href":"https:\/\/thehouseinthedesert.com\/fr\/wp-json\/wp\/v2\/pages\/4401\/revisions"}],"predecessor-version":[{"id":4644,"href":"https:\/\/thehouseinthedesert.com\/fr\/wp-json\/wp\/v2\/pages\/4401\/revisions\/4644"}],"wp:attachment":[{"href":"https:\/\/thehouseinthedesert.com\/fr\/wp-json\/wp\/v2\/media?parent=4401"}],"curies":[{"name":"wp","href":"https:\/\/api.w.org\/{rel}","templated":true}]}}