{"id":4533,"date":"2021-07-19T10:09:24","date_gmt":"2021-07-19T10:09:24","guid":{"rendered":"https:\/\/thehouseinthedesert.com\/politica-de-cookies\/"},"modified":"2021-09-09T12:59:10","modified_gmt":"2021-09-09T12:59:10","slug":"cookies-policy","status":"publish","type":"page","link":"https:\/\/thehouseinthedesert.com\/en\/cookies-policy\/","title":{"rendered":"Cookies policy"},"content":{"rendered":"<p>[et_pb_section fb_built=&#8221;1&#8243; _builder_version=&#8221;3.22&#8243; global_colors_info=&#8221;{}&#8221;][et_pb_row _builder_version=&#8221;3.25&#8243; background_size=&#8221;initial&#8221; background_position=&#8221;top_left&#8221; background_repeat=&#8221;repeat&#8221; global_colors_info=&#8221;{}&#8221;][et_pb_column type=&#8221;4_4&#8243; _builder_version=&#8221;3.25&#8243; custom_padding=&#8221;|||&#8221; global_colors_info=&#8221;{}&#8221; custom_padding__hover=&#8221;|||&#8221;][et_pb_text _builder_version=&#8221;4.10.6&#8243; background_size=&#8221;initial&#8221; background_position=&#8221;top_left&#8221; background_repeat=&#8221;repeat&#8221; global_colors_info=&#8221;{}&#8221;]<\/p>\n<h1>Pol\u00edtica de Cookies<\/h1>\n<p><span class=\"VIiyi\" lang=\"es\"><span class=\"JLqJ4b ChMk0b\" data-language-for-alternatives=\"es\" data-language-to-translate-into=\"en\" data-phrase-index=\"0\">Esta Pol\u00edtica de cookies explica qu\u00e9 son las cookies y c\u00f3mo las usamos, los tipos de cookies que usamos, es decir, la informaci\u00f3n que recopilamos usando cookies y c\u00f3mo se usa esa informaci\u00f3n, y c\u00f3mo controlar las preferencias de cookies.<\/span> <span class=\"JLqJ4b ChMk0b\" data-language-for-alternatives=\"es\" data-language-to-translate-into=\"en\" data-phrase-index=\"1\">Para obtener m\u00e1s informaci\u00f3n sobre c\u00f3mo usamos, almacenamos y mantenemos seguros sus datos personales, consulte nuestra Pol\u00edtica de privacidad.<\/span> <\/span><\/p>\n<p><span class=\"VIiyi\" lang=\"es\"><span class=\"JLqJ4b ChMk0b\" data-language-for-alternatives=\"es\" data-language-to-translate-into=\"en\" data-phrase-index=\"3\">En cualquier momento puede cambiar o retirar su consentimiento de la Declaraci\u00f3n de cookies en nuestro sitio web.<\/span> <span class=\"JLqJ4b ChMk0b\" data-language-for-alternatives=\"es\" data-language-to-translate-into=\"en\" data-phrase-index=\"5\">Obtenga m\u00e1s informaci\u00f3n sobre qui\u00e9nes somos, c\u00f3mo puede comunicarse con nosotros y c\u00f3mo procesamos los datos personales en nuestra Pol\u00edtica de privacidad.<\/span> <\/span><\/p>\n<p><span class=\"VIiyi\" lang=\"es\"><span class=\"JLqJ4b ChMk0b\" data-language-for-alternatives=\"es\" data-language-to-translate-into=\"en\" data-phrase-index=\"7\">Su consentimiento se aplica a los siguientes dominios: <\/span><\/span>thehouseinthedesert.com<\/p>\n<p><span class=\"VIiyi\" lang=\"es\"><span class=\"JLqJ4b ChMk0b\" data-language-for-alternatives=\"es\" data-language-to-translate-into=\"en\" data-phrase-index=\"7\"><div class=\"cli_user_consent_state\">Your current state: No consent given. <a class=\"cli_manage_current_consent\" style=\"cursor:pointer;text-decoration:underline;\">Manage your consent.<\/a> <\/div><\/span><\/span><\/p>\n<h2>\u00bfQU\u00c9 SON LAS COOKIES Y C\u00d3MO LAS UTILIZA EL SITIO WEB DE SERVICIOS GORAFE SL?<\/h2>\n<p>Las Cookies son archivos que el Sitio web o la aplicaci\u00f3n que utiliza instala en su navegador o en su dispositivo (Smartphone, tableta o televisi\u00f3n conectada) durante su recorrido por las p\u00e1ginas o por la aplicaci\u00f3n, y sirven para almacenar informaci\u00f3n sobre su visita. Como la mayor\u00eda de los sitios en internet, el portal web de SERVICIOS GORAFE SL utiliza Cookies para:<\/p>\n<ul>\n<li>Asegurar que las p\u00e1ginas web pueden funcionar correctamente<\/li>\n<li>Almacenar sus preferencias, como el idioma que ha seleccionado o el tama\u00f1o de letra.<\/li>\n<li>Conocer su experiencia de navegaci\u00f3n.<\/li>\n<li>Recopilar informaci\u00f3n estad\u00edstica an\u00f3nima, como qu\u00e9 p\u00e1ginas ha visto o cu\u00e1nto tiempo ha estado en nuestros medios.<\/li>\n<\/ul>\n<p>El uso de Cookies nos permite optimizar su navegaci\u00f3n, adaptando la informaci\u00f3n y los servicios ofrecidos a sus intereses, para proporcionarle una mejor experiencia siempre que nos visite. El Sitio web de SERVICIOS GORAFE SL utiliza Cookies para funcionar, adaptar y facilitar al m\u00e1ximo la navegaci\u00f3n del Usuario.<\/p>\n<p>Las Cookies se asocian \u00fanicamente a un usuario an\u00f3nimo y su ordenador\/dispositivo y no proporcionan referencias que permitan conocer datos personales. En todo momento podr\u00e1 acceder a la configuraci\u00f3n de su navegador para modificar y\/o bloquear la instalaci\u00f3n de las Cookies enviadas por el Sitio web de SERVICIOS GORAFE SL, sin que ello impida al acceso a los contenidos. Sin embargo, la calidad del funcionamiento de los servicios puede verse afectada.<\/p>\n<h3>\u00bfPOR QU\u00c9 SON IMPORTANTES LAS COOKIES?<\/h3>\n<ul>\n<li>Desde un punto de vista t\u00e9cnico, permiten que el Sitio web funcione de forma m\u00e1s \u00e1gil y adaptada a las preferencias de los usuarios, como por ejemplo almacenar el idioma, la moneda del pa\u00eds o detectar el dispositivo de acceso.<\/li>\n<li>Establecen niveles de protecci\u00f3n y seguridad que impiden o dificultan ciberataques contra el Sitio web o sus usuarios.<\/li>\n<li>Permiten que los gestores de los medios puedan conocer datos estad\u00edsticos recopilados en las Cookies para mejorar la calidad y experiencia de sus servicios.<\/li>\n<li>Sirven para optimizar la publicidad que mostramos a los usuarios, ofreciendo la que m\u00e1s se ajusta a sus intereses.<\/li>\n<\/ul>\n<h3>\u00bfQU\u00c9 TIPO DE COOKIES UTILIZAMOS EN SERVICIOS GORAFE SL?<\/h3>\n<ol>\n<li><strong>\u00a0Anal\u00edticas<\/strong>: Con prop\u00f3sitos de mantenimiento peri\u00f3dico, y en aras de garantizar el mejor servicio posible al usuario, este sitio web hace uso de cookies \u201canal\u00edticas\u201d para el recabado de estad\u00edsticas de actividad. La informaci\u00f3n recabada ser\u00e1 en todo caso an\u00f3nima, no siendo posible establecer v\u00ednculo alguno entre patrones de navegaci\u00f3n y personas f\u00edsicas. El usuario podr\u00e1 excluir su actividad individual mediante los sistemas de exclusi\u00f3n facilitados por los propios proveedores de los sistemas de an\u00e1lisis que utilizan estas cookies, como Google Analytics. Es posible que esta web utilice varios de dichos sistemas, y puede consultar la lista completa en el listado de cookies al final de este documento.<\/li>\n<li><strong>Otras cookies de uso interno<\/strong>: Adem\u00e1s, esta web puede usar diversas cookies para el mantenimiento de sesiones de usuario entre diferentes \u201clogins\u201d a las \u00e1reas privadas o de autogesti\u00f3n facilitadas. Su desactivaci\u00f3n ocasiona normalmente molestias al usuario en forma de funcionalidades bloqueadas, y son por tanto cookies necesarias para el funcionamiento de este sitio. Nuevamente, puede consultar la lista completa en el listado de cookies al final de este documento.<\/li>\n<li><strong>Cookies usadas por redes sociales<\/strong>: Adem\u00e1s, en la medida en que se hace uso de Social Plugins, esta web puede participar de distintas redes sociales, como por ejemplo Facebook, para permitir que el usuario pueda compartir con su c\u00edrculo social aquellos contenidos que le resulten de inter\u00e9s. En la lista de cookies al final de este documento, se pueden comprobar las cookies instaladas y las redes sociales correspondientes.<\/li>\n<li><strong>Cookies usadas por complementos externos de contenido<\/strong>: Esta web puede hacer uso de complementos de visualizaci\u00f3n de contenido, como por ejemplo Google Maps para visualizar ubicaciones geogr\u00e1ficas. Su uso implica en ocasiones la remisi\u00f3n de ciertas cookies que son detalladas en el listado al final del documento. Algunas de estas cookies son instaladas y gestionadas por los proveedores de dichos complementos, no pudiendo ser accedidas por este sitio web.<\/li>\n<li><strong>Cookies de terceros para la personalizaci\u00f3n de espacios publicitarios<\/strong>: Esta web puede hacer uso de ad servers y, por ende, cookies vinculadas a los mismos para la elaboraci\u00f3n de perfiles a partir de preferencias y comportamiento. En caso de hacerlo, las mismas se detallar\u00e1n en el listado al final de este documento, no siendo instaladas si, tras ser informado al acceder al sitio, el usuario no acepta la pol\u00edtica de cookies y por tanto no contin\u00faa su navegaci\u00f3n.<\/li>\n<\/ol>\n<h3>RELACI\u00d3N Y DESCRIPCI\u00d3N DE COOKIES. NIVELES DE INTRUSIVIDAD<\/h3>\n<p><strong>\u00a0<\/strong>La tabla que aqu\u00ed sigue esquematiza las cookies arriba expuestas, incorporando un criterio de \u201cnivel de intrusividad\u201d apoyado en una escala del 1 al 3, en la que:<\/p>\n<p><strong>Nivel 1:<\/strong> se corresponde con cookies de uso interno imprescindibles para el funcionamiento del sitio web y, por tanto, la prestaci\u00f3n del servicio solicitado por el usuario, as\u00ed como cookies gestionadas por terceros con la \u00fanica finalidad de permitir el correcto funcionamiento de complementos externos de contenido y, por tanto, necesarias para la correcta visualizaci\u00f3n de este sitio web.<br \/><strong>Nivel 2:<\/strong> se corresponde con cookies an\u00f3nimas, anal\u00edticas, de uso interno, necesarias para el mantenimiento de contenidos y navegaci\u00f3n, y exclusivamente gestionadas por este sitio web.<br \/><strong>Nivel 3:<\/strong> se corresponde con cookies gestionadas por terceros que permiten el seguimiento del usuario a trav\u00e9s de otras webs o servicios.<\/p>\n<h2>TABLA DE COOKIES USADAS EN ESTE SITIO WEB, INDICANDO EL GESTOR DE LAS MISMAS CUANDO ES UN TERCERO<\/h2>\n<p>La siguiente lista detalla las cookies utilizadas en nuestro sitio web.<\/p><table class=\"cookielawinfo-row-cat-table cookielawinfo-classic\"><thead><tr><th class=\"cookielawinfo-column-1\">Cookie<\/th><th class=\"cookielawinfo-column-4\">Description<\/th><\/tr><\/thead><tbody><tr class=\"cookielawinfo-row\"><td class=\"cookielawinfo-column-1\">cookielawinfo-checkbox-analytics<\/td><td class=\"cookielawinfo-column-4\">This cookie is set by GDPR Cookie Consent plugin. The cookie is used to store the user consent for the cookies in the category \"Analytics\".<\/td><\/tr><tr class=\"cookielawinfo-row\"><td class=\"cookielawinfo-column-1\">cookielawinfo-checkbox-functional<\/td><td class=\"cookielawinfo-column-4\">The cookie is set by GDPR cookie consent to record the user consent for the cookies in the category \"Functional\".<\/td><\/tr><tr class=\"cookielawinfo-row\"><td class=\"cookielawinfo-column-1\">cookielawinfo-checkbox-necessary<\/td><td class=\"cookielawinfo-column-4\"><p>This cookie is set by GDPR Cookie Consent plugin. The cookies is used to store the user consent for the cookies in the category \"Necessary\".<\/p><\/td><\/tr><tr class=\"cookielawinfo-row\"><td class=\"cookielawinfo-column-1\">cookielawinfo-checkbox-others<\/td><td class=\"cookielawinfo-column-4\">This cookie is set by GDPR Cookie Consent plugin. The cookie is used to store the user consent for the cookies in the category \"Other.<\/td><\/tr><tr class=\"cookielawinfo-row\"><td class=\"cookielawinfo-column-1\">cookielawinfo-checkbox-performance<\/td><td class=\"cookielawinfo-column-4\">This cookie is set by GDPR Cookie Consent plugin. The cookie is used to store the user consent for the cookies in the category \"Performance\".<\/td><\/tr><tr class=\"cookielawinfo-row\"><td class=\"cookielawinfo-column-1\">viewed_cookie_policy<\/td><td class=\"cookielawinfo-column-4\"><p>The cookie is set by the GDPR Cookie Consent plugin and is used to store whether or not user has consented to the use of cookies. It does not store any personal data.<\/p><\/td><\/tr><\/tbody><\/table>\n<h3>\u00bfC\u00d3MO PUEDO DESACTIVAR O ELIMINAR ESTAS COOKIES?<\/h3>\n<p>El usuario podr\u00e1 en cualquier momento elegir qu\u00e9 cookies quiere que funcionen en este sitio web mediante, por ejemplo, la configuraci\u00f3n del navegador:<\/p>\n<p><em>Internet Explorer:\u00a0 <\/em><a href=\"https:\/\/privacy.microsoft.com\/es-es\/privacystatement\" rel=\"nofollow noopener\" target=\"_blank\"><em>https:\/\/privacy.microsoft.com\/es-es\/privacystatement<\/em><\/a><\/p>\n<p><em>Safari: <\/em><a href=\"https:\/\/www.apple.com\/legal\/privacy\/es\/cookies\/\" rel=\"nofollow noopener\" target=\"_blank\"><em>https:\/\/www.apple.com\/legal\/privacy\/es\/cookies\/<\/em><\/a><\/p>\n<p><em>Google Chrome: <\/em><a href=\"https:\/\/support.google.com\/chrome\/answer\/95647?hl=es&amp;hlrm=en\" rel=\"nofollow noopener\" target=\"_blank\"><em>https:\/\/support.google.com\/chrome\/answer\/95647?hl=es&amp;hlrm=en<\/em><\/a><\/p>\n<p><em>Google:\u00a0 <\/em><a href=\"https:\/\/www.google.com\/intl\/es\/policies\/privacy\/\" rel=\"nofollow noopener\" target=\"_blank\"><em>https:\/\/www.google.com\/intl\/es\/policies\/privacy\/<\/em><\/a><\/p>\n<p><em>Firefox: <\/em><a href=\"http:\/\/support.mozilla.org\/es\/kb\/Borrar%20cookies\" rel=\"nofollow noopener\" target=\"_blank\"><em>http:\/\/support.mozilla.org\/es\/kb\/Borrar%20cookies<\/em><\/a><\/p>\n<p><em>Opera: <\/em><a href=\"https:\/\/www.opera.com\/es\/privacy\" rel=\"nofollow noopener\" target=\"_blank\"><em>https:\/\/www.opera.com\/es\/privacy<\/em><\/a><\/p>\n<p><em>Android (Google):\u00a0 <\/em><a href=\"https:\/\/www.google.com\/intl\/es\/policies\/privacy\/\" rel=\"nofollow noopener\" target=\"_blank\"><em>https:\/\/www.google.com\/intl\/es\/policies\/privacy\/<\/em><\/a><\/p>\n<p><em>Windows Phone (Microsoft): <\/em><a href=\"https:\/\/privacy.microsoft.com\/es-es\/privacystatement\" rel=\"nofollow noopener\" target=\"_blank\"><em>https:\/\/privacy.microsoft.com\/es-es\/privacystatement<\/em><\/a><\/p>\n<h3>QU\u00c9 OCURRE SI SE DESHABILITAN LAS COOKIES<\/h3>\n<p>Algunas funcionalidades de los Servicios quedar\u00e1n deshabilitados.<\/p>\n<h3>ACTUALIZACI\u00d3N DE NUESTRA POL\u00cdTICA DE COOKIES<\/h3>\n<p>Es posible que actualicemos la Pol\u00edtica de Cookies de nuestro Sitio web, por ello le recomendamos revisar esta pol\u00edtica cada vez que acceda al mismo con el objetivo de estar adecuadamente informado sobre c\u00f3mo y para qu\u00e9 usamos las cookies.<\/p>\n<p>[\/et_pb_text][\/et_pb_column][\/et_pb_row][\/et_pb_section]<\/p>\n","protected":false},"excerpt":{"rendered":"<p>Pol\u00edtica de Cookies Esta Pol\u00edtica de cookies explica qu\u00e9 son las cookies y c\u00f3mo las usamos, los tipos de cookies que usamos, es decir, la informaci\u00f3n que recopilamos usando cookies y c\u00f3mo se usa esa informaci\u00f3n, y c\u00f3mo controlar las preferencias de cookies. Para obtener m\u00e1s informaci\u00f3n sobre c\u00f3mo usamos, almacenamos y mantenemos seguros sus [&hellip;]<\/p>\n","protected":false},"author":1,"featured_media":0,"parent":0,"menu_order":0,"comment_status":"closed","ping_status":"closed","template":"page-legal.php","meta":{"_et_pb_use_builder":"on","_et_pb_old_content":"","_et_gb_content_width":"","footnotes":""},"class_list":["post-4533","page","type-page","status-publish","hentry"],"_links":{"self":[{"href":"https:\/\/thehouseinthedesert.com\/en\/wp-json\/wp\/v2\/pages\/4533","targetHints":{"allow":["GET"]}}],"collection":[{"href":"https:\/\/thehouseinthedesert.com\/en\/wp-json\/wp\/v2\/pages"}],"about":[{"href":"https:\/\/thehouseinthedesert.com\/en\/wp-json\/wp\/v2\/types\/page"}],"author":[{"embeddable":true,"href":"https:\/\/thehouseinthedesert.com\/en\/wp-json\/wp\/v2\/users\/1"}],"replies":[{"embeddable":true,"href":"https:\/\/thehouseinthedesert.com\/en\/wp-json\/wp\/v2\/comments?post=4533"}],"version-history":[{"count":7,"href":"https:\/\/thehouseinthedesert.com\/en\/wp-json\/wp\/v2\/pages\/4533\/revisions"}],"predecessor-version":[{"id":4767,"href":"https:\/\/thehouseinthedesert.com\/en\/wp-json\/wp\/v2\/pages\/4533\/revisions\/4767"}],"wp:attachment":[{"href":"https:\/\/thehouseinthedesert.com\/en\/wp-json\/wp\/v2\/media?parent=4533"}],"curies":[{"name":"wp","href":"https:\/\/api.w.org\/{rel}","templated":true}]}}