{"id":4466,"date":"2021-07-13T11:11:44","date_gmt":"2021-07-13T11:11:44","guid":{"rendered":"https:\/\/thehouseinthedesert.com\/?page_id=4466"},"modified":"2021-07-19T11:31:18","modified_gmt":"2021-07-19T11:31:18","slug":"history","status":"publish","type":"page","link":"https:\/\/thehouseinthedesert.com\/en\/history\/","title":{"rendered":"History"},"content":{"rendered":"<p>[et_pb_section fb_built=&#8221;1&#8243; module_class=&#8221;seccion seccion-casa portada-web&#8221; _builder_version=&#8221;4.9.1&#8243; custom_padding=&#8221;0px|0px|0px|0px|false|false&#8221;][et_pb_row use_custom_gutter=&#8221;on&#8221; _builder_version=&#8221;4.4.0&#8243; width=&#8221;100%&#8221; max_width=&#8221;100%&#8221; custom_padding=&#8221;0px|0px|0px|0px|false|false&#8221;][et_pb_column type=&#8221;4_4&#8243; _builder_version=&#8221;4.4.0&#8243;][et_pb_slider show_arrows=&#8221;off&#8221; show_pagination=&#8221;off&#8221; admin_label=&#8221;Portada web&#8221; _builder_version=&#8221;4.9.7&#8243; background_enable_color=&#8221;off&#8221; background_image=&#8221;https:\/\/thehouseinthedesert.com\/wp-content\/uploads\/2020\/12\/20190403_GG_06_L1010634_LOW_0a64c.jpg&#8221; custom_button=&#8221;on&#8221; button_text_color=&#8221;#c8952a&#8221; button_border_color=&#8221;#c8952a&#8221;][et_pb_slide heading=&#8221;AN IDEA THAT LEADED TO AN AMBITIOUS CHALLENGE&#8221; admin_title=&#8221;Slider 01&#8243; _builder_version=&#8221;4.9.7&#8243; header_level=&#8221;h1&#8243; header_font=&#8221;Montserrat|300|||||||&#8221; header_text_color=&#8221;#ffffff&#8221; header_font_size=&#8221;18px&#8221; body_font=&#8221;|||on|||||&#8221; body_text_align=&#8221;center&#8221; body_text_color=&#8221;#FFFFFF&#8221; body_font_size=&#8221;35px&#8221; background_enable_color=&#8221;off&#8221; background_image=&#8221;https:\/\/thehouseinthedesert.com\/wp-content\/uploads\/2021\/03\/portada.jpg&#8221; background_enable_image=&#8221;on&#8221; custom_button=&#8221;on&#8221; button_text_color=&#8221;#c8952a&#8221; button_bg_color=&#8221;#ffffff&#8221; button_border_color=&#8221;#c8952a&#8221; button_icon_color=&#8221;#c8952a&#8221; text_orientation=&#8221;center&#8221; background_layout=&#8221;light&#8221; body_font_size_tablet=&#8221;24px&#8221; body_font_size_phone=&#8221;20px&#8221; body_font_size_last_edited=&#8221;on|phone&#8221; header_text_shadow_style=&#8221;preset2&#8243; sticky_transition=&#8221;on&#8221;]<\/p>\n<p>Build a home that withstands the harsh climate of the Gorafe desert<\/p>\n<p>[\/et_pb_slide][\/et_pb_slider][\/et_pb_column][\/et_pb_row][\/et_pb_section][et_pb_section fb_built=&#8221;1&#8243; admin_label=&#8221;La distribuci\u00f3n&#8221; module_class=&#8221;seccion seccion-casa lacasa&#8221; _builder_version=&#8221;4.9.1&#8243; _module_preset=&#8221;default&#8221; background_enable_image=&#8221;off&#8221;][et_pb_row column_structure=&#8221;1_2,1_2&#8243; _builder_version=&#8221;4.9.0&#8243; _module_preset=&#8221;default&#8221;][et_pb_column type=&#8221;1_2&#8243; _builder_version=&#8221;4.9.0&#8243; _module_preset=&#8221;default&#8221;][et_pb_text admin_label=&#8221;La casa&#8221; _builder_version=&#8221;4.9.4&#8243; _module_preset=&#8221;default&#8221; text_font=&#8221;|300|||||||&#8221; text_text_color=&#8221;#474749&#8243; header_text_color=&#8221;#1b1f24&#8243; header_2_font=&#8221;Montserrat|300|||||||&#8221; header_2_text_color=&#8221;#1b1f24&#8243; header_2_font_size=&#8221;60px&#8221;]<\/p>\n<h2>THE<br \/><strong>HISTORY<\/strong><\/h2>\n<p>The idea was the brainchild of Gardian Glass, a famous manufacturer of high-quality glass windows, which designed this project to demonstrate that, with the right glass, it is possible to achieve the desired comfort regardless of the place we happen to find ourselves. This is why they decided to site the house in the heart of the Gorafe desert, with summer temperatures that can reach 48\u00ba C and fall below zero at night.<\/p>\n<p>&nbsp;<\/p>\n<p>[\/et_pb_text][\/et_pb_column][et_pb_column type=&#8221;1_2&#8243; _builder_version=&#8221;4.9.0&#8243; _module_preset=&#8221;default&#8221;][et_pb_image src=&#8221;https:\/\/thehouseinthedesert.com\/wp-content\/uploads\/2020\/12\/INTERIORS_07.jpg&#8221; title_text=&#8221;INTERIORS_07&#8243; _builder_version=&#8221;4.9.0&#8243; _module_preset=&#8221;default&#8221;][\/et_pb_image][\/et_pb_column][\/et_pb_row][\/et_pb_section][et_pb_section fb_built=&#8221;1&#8243; admin_label=&#8221;EL MEDIO AMBIENTE&#8221; module_id=&#8221;alojamiento&#8221; module_class=&#8221;seccion seccion-casa medioambiente&#8221; _builder_version=&#8221;4.9.3&#8243; background_image=&#8221;https:\/\/thehouseinthedesert.com\/wp-content\/uploads\/2021\/03\/bgpie.jpg&#8221; custom_padding=&#8221;20px||16px|||&#8221;][et_pb_row column_structure=&#8221;1_2,1_2&#8243; _builder_version=&#8221;4.4.8&#8243; custom_padding=&#8221;18px|||||&#8221;][et_pb_column type=&#8221;1_2&#8243; _builder_version=&#8221;4.4.8&#8243;][\/et_pb_column][et_pb_column type=&#8221;1_2&#8243; _builder_version=&#8221;4.4.8&#8243;][et_pb_text _builder_version=&#8221;4.9.3&#8243; text_text_color=&#8221;#FFFFFF&#8221; header_2_font=&#8221;Montserrat|300|||||||&#8221; header_2_text_color=&#8221;#FFFFFF&#8221; header_2_font_size=&#8221;60px&#8221;]<\/p>\n<p>A DESIGN WITH<\/p>\n<h2>ADVANCED<br \/><strong>ENGINEERING<\/strong><\/h2>\n<p>The project was carried out by:<\/p>\n<p><strong>Ofis Arhitekti<\/strong><br \/>An architecture firm founded in 1996 by Rok Oman and Spela Videcnik. Since its foundation, the firm has received a number of prestigious awards and has been widely praised and exhibited internationally. They have appeared at the Venice Biennial and in Beijing.<br \/>In 2009, the firm was awarded the IOC\/IAKS silver medal for Borisov football stadium and in 2006 it received the European Grand Prix for Innovation award.<\/p>\n<p><strong>Akt II<br \/><\/strong>Civil engineering and structural design firm. Operating from its headquarters in the centre of London, they develop projects in 44 countries worldwide and have won more than 300 prizes for design.<\/p>\n<p><strong>Transsolar<br \/><\/strong>An international HVAC engineering firm whose mission is to create exceptional interior and exterior spaces with a high level of comfort and a positive environmental impact.<br \/>They believe that the same dimensions and scales that produce great architecture can at the same time improve people&#8217;s life experience and minimise resource use.<\/p>\n<p>[\/et_pb_text][\/et_pb_column][\/et_pb_row][\/et_pb_section][et_pb_section fb_built=&#8221;1&#8243; admin_label=&#8221;Fondos FEDER&#8221; _builder_version=&#8221;4.9.9&#8243; _module_preset=&#8221;default&#8221; global_module=&#8221;4605&#8243;][et_pb_row column_structure=&#8221;1_4,3_4&#8243; disabled_on=&#8221;on|on|off&#8221; _builder_version=&#8221;4.9.0&#8243; _module_preset=&#8221;default&#8221;][et_pb_column type=&#8221;1_4&#8243; _builder_version=&#8221;4.8.1&#8243; _module_preset=&#8221;default&#8221; custom_css_main_element=&#8221;margin-right:0px;&#8221;][et_pb_image src=&#8221;https:\/\/thehouseinthedesert.com\/wp-content\/uploads\/2021\/03\/logoue.png&#8221; title_text=&#8221;logoue&#8221; align=&#8221;center&#8221; _builder_version=&#8221;4.8.1&#8243; _module_preset=&#8221;default&#8221;][\/et_pb_image][\/et_pb_column][et_pb_column type=&#8221;3_4&#8243; _builder_version=&#8221;4.8.1&#8243; _module_preset=&#8221;default&#8221;][et_pb_text _builder_version=&#8221;4.9.1&#8243; _module_preset=&#8221;default&#8221; text_font_size=&#8221;12px&#8221;]<\/p>\n<p>\u201cServicios Gorafe SL has been a beneficiary of the European Regional Development Fund whose objective is to improve the competitiveness of SMEs and thanks to which it has launched an International Digital Marketing Plan with the aim of improving its online positioning in foreign markets during 2020 . For this, it has had the support of the XPANDE DIGITAL Program of the Granada Chamber of Commerce\u201d.<\/p>\n<p>[\/et_pb_text][et_pb_text module_class=&#8221;fondo-eu&#8221; _builder_version=&#8221;4.9.1&#8243; _module_preset=&#8221;default&#8221; text_text_color=&#8221;#474749&#8243; text_font_size=&#8221;12px&#8221;]<\/p>\n<p>European Regional Development Fund.<\/p>\n<p>[\/et_pb_text][et_pb_text module_class=&#8221;hacer-eu&#8221; _builder_version=&#8221;4.9.1&#8243; _module_preset=&#8221;default&#8221; text_text_color=&#8221;#004B9E&#8221; text_font_size=&#8221;12px&#8221;]<\/p>\n<p>A Way to Make Europe.<\/p>\n<p>[\/et_pb_text][\/et_pb_column][\/et_pb_row][\/et_pb_section]<\/p>\n","protected":false},"excerpt":{"rendered":"<p>Build a home that withstands the harsh climate of the Gorafe desertTHEHISTORY The idea was the brainchild of Gardian Glass, a famous manufacturer of high-quality glass windows, which designed this project to demonstrate that, with the right glass, it is possible to achieve the desired comfort regardless of the place we happen to find ourselves. [&hellip;]<\/p>\n","protected":false},"author":1,"featured_media":0,"parent":0,"menu_order":0,"comment_status":"closed","ping_status":"closed","template":"","meta":{"_et_pb_use_builder":"on","_et_pb_old_content":"[et_pb_section fb_built=\"1\" module_class=\"seccion seccion-casa portada-web\" _builder_version=\"4.9.1\" custom_padding=\"0px|0px|0px|0px|false|false\"][et_pb_row use_custom_gutter=\"on\" _builder_version=\"4.4.0\" width=\"100%\" max_width=\"100%\" custom_padding=\"0px|0px|0px|0px|false|false\"][et_pb_column type=\"4_4\" _builder_version=\"4.4.0\"][et_pb_slider show_arrows=\"off\" show_pagination=\"off\" admin_label=\"Portada web\" _builder_version=\"4.9.7\" background_enable_color=\"off\" background_image=\"https:\/\/thehouseinthedesert.com\/wp-content\/uploads\/2020\/12\/20190403_GG_06_L1010634_LOW_0a64c.jpg\" custom_button=\"on\" button_text_color=\"#c8952a\" button_border_color=\"#c8952a\" hover_enabled=\"0\" sticky_enabled=\"0\"][et_pb_slide heading=\"UNA IDEA QUE LLEV\u00d3 A UN RETO AMBICIOSO\" admin_title=\"Slider 01\" _builder_version=\"4.9.7\" header_level=\"h1\" header_font=\"Montserrat|300|||||||\" header_text_color=\"#ffffff\" header_font_size=\"18px\" body_font=\"|||on|||||\" body_text_align=\"center\" body_text_color=\"#FFFFFF\" body_font_size=\"35px\" background_enable_color=\"off\" background_image=\"https:\/\/thehouseinthedesert.com\/wp-content\/uploads\/2021\/03\/portada.jpg\" background_enable_image=\"on\" custom_button=\"on\" button_text_color=\"#c8952a\" button_bg_color=\"#ffffff\" button_border_color=\"#c8952a\" button_icon_color=\"#c8952a\" text_orientation=\"center\" background_layout=\"light\" hover_enabled=\"0\" body_font_size_tablet=\"24px\" body_font_size_phone=\"20px\" body_font_size_last_edited=\"on|phone\" header_text_shadow_style=\"preset2\" sticky_transition=\"on\" sticky_enabled=\"0\"]<p>Construir un hogar que soporte el duro clima del desierto de Gorafe<\/p>[\/et_pb_slide][\/et_pb_slider][\/et_pb_column][\/et_pb_row][\/et_pb_section][et_pb_section fb_built=\"1\" admin_label=\"La distribuci\u00f3n\" module_class=\"seccion seccion-casa lacasa\" _builder_version=\"4.9.1\" _module_preset=\"default\" background_enable_image=\"off\"][et_pb_row column_structure=\"1_2,1_2\" _builder_version=\"4.9.0\" _module_preset=\"default\"][et_pb_column type=\"1_2\" _builder_version=\"4.9.0\" _module_preset=\"default\"][et_pb_text admin_label=\"La casa\" _builder_version=\"4.9.4\" _module_preset=\"default\" text_font=\"|300|||||||\" text_text_color=\"#474749\" header_text_color=\"#1b1f24\" header_2_font=\"Montserrat|300|||||||\" header_2_text_color=\"#1b1f24\" header_2_font_size=\"60px\"]<h2>LA<br \/><strong>HISTORIA<\/strong><\/h2>\r\n<p>La idea parte de Gardian Glass, una famosa empresa de fabricaci\u00f3n de cristales de alta calidad, que elabora este proyecto para demostrar que con el cristal adecuado se puede conseguir el confort deseado independientemente del lugar donde nos encontremos. Es por ello que deciden ubicar la casa en pleno desierto de Gorafe con temperaturas en verano que puede superar los 48\u00ba y bajar por la noche a niveles negativos.<\/p>\r\n<p>\u00a0<\/p>[\/et_pb_text][\/et_pb_column][et_pb_column type=\"1_2\" _builder_version=\"4.9.0\" _module_preset=\"default\"][et_pb_image src=\"https:\/\/thehouseinthedesert.com\/wp-content\/uploads\/2020\/12\/INTERIORS_07.jpg\" title_text=\"INTERIORS_07\" _builder_version=\"4.9.0\" _module_preset=\"default\"][\/et_pb_image][\/et_pb_column][\/et_pb_row][\/et_pb_section][et_pb_section fb_built=\"1\" admin_label=\"EL MEDIO AMBIENTE\" module_id=\"alojamiento\" module_class=\"seccion seccion-casa medioambiente\" _builder_version=\"4.9.3\" background_image=\"https:\/\/thehouseinthedesert.com\/wp-content\/uploads\/2021\/03\/bgpie.jpg\" custom_padding=\"20px||16px|||\"][et_pb_row column_structure=\"1_2,1_2\" _builder_version=\"4.4.8\" custom_padding=\"18px|||||\"][et_pb_column type=\"1_2\" _builder_version=\"4.4.8\"][\/et_pb_column][et_pb_column type=\"1_2\" _builder_version=\"4.4.8\"][et_pb_text _builder_version=\"4.9.3\" text_text_color=\"#FFFFFF\" header_2_font=\"Montserrat|300|||||||\" header_2_text_color=\"#FFFFFF\" header_2_font_size=\"60px\"]<p>UN PROYECTO DE<\/p>\r\n<h2>INGIENERIA<br \/><strong>AVANZADA<\/strong><\/h2>\r\n<p>Cabe mencionar a los actores que hicieron realidad el proyecto que fueron:<\/p>\r\n<p><strong>Ofis Arquitectos<\/strong><br \/>Estudio de arquitectura fundado en 1996 por Rok Oman y Spela Videcnik. Desde su creaci\u00f3n, el estudio ha recibido varios premios de prestigio y ha sido ampliamente reconocido y expuesto a nivel internacional en la Bienal de Arquitectura de Venecia y Pek\u00edn.<br \/>En 2009 el estudio recibi\u00f3 la medalla de plata IOC \/ IAKS por el estadio de f\u00fatbol de Borisov y en 2006 fue reconocido con el Gran Premio Europeo de Innovaci\u00f3n.<\/p>\r\n<p><strong>Akt II<br \/><\/strong>Empresa de ingenier\u00eda civil y de dise\u00f1o estructural. Operando desde su sede en el centro de Londres ejecutan proyectos en 44 pa\u00edses de todo el mundo y han ganado m\u00e1s de 300 premios de dise\u00f1o.<\/p>\r\n<p><strong>Transsolar<br \/><\/strong>Firma internacional de ingenier\u00eda clim\u00e1tica decidida a crear espacios interiores y exteriores excepcionales y altamente confortables con un impacto ambiental positivo.<br \/>Consideran que las mismas medidas y escalas que dan lugar a una gran arquitectura pueden, a la vez, mejorar la experiencia de vida de las personas y minimizar el uso de los recursos.<\/p>\r\n<p><strong>\u00a0<\/strong><\/p>\r\n<p>\u00a0<\/p>[\/et_pb_text][\/et_pb_column][\/et_pb_row][\/et_pb_section]","_et_gb_content_width":"","footnotes":""},"class_list":["post-4466","page","type-page","status-publish","hentry"],"_links":{"self":[{"href":"https:\/\/thehouseinthedesert.com\/en\/wp-json\/wp\/v2\/pages\/4466","targetHints":{"allow":["GET"]}}],"collection":[{"href":"https:\/\/thehouseinthedesert.com\/en\/wp-json\/wp\/v2\/pages"}],"about":[{"href":"https:\/\/thehouseinthedesert.com\/en\/wp-json\/wp\/v2\/types\/page"}],"author":[{"embeddable":true,"href":"https:\/\/thehouseinthedesert.com\/en\/wp-json\/wp\/v2\/users\/1"}],"replies":[{"embeddable":true,"href":"https:\/\/thehouseinthedesert.com\/en\/wp-json\/wp\/v2\/comments?post=4466"}],"version-history":[{"count":8,"href":"https:\/\/thehouseinthedesert.com\/en\/wp-json\/wp\/v2\/pages\/4466\/revisions"}],"predecessor-version":[{"id":4630,"href":"https:\/\/thehouseinthedesert.com\/en\/wp-json\/wp\/v2\/pages\/4466\/revisions\/4630"}],"wp:attachment":[{"href":"https:\/\/thehouseinthedesert.com\/en\/wp-json\/wp\/v2\/media?parent=4466"}],"curies":[{"name":"wp","href":"https:\/\/api.w.org\/{rel}","templated":true}]}}